{"id":345,"date":"2021-06-17T06:44:32","date_gmt":"2021-06-17T06:44:32","guid":{"rendered":"https:\/\/quartier-eifel.bik-kreativ.de\/?page_id=345"},"modified":"2025-05-05T15:09:00","modified_gmt":"2025-05-05T13:09:00","slug":"impressum","status":"publish","type":"page","link":"https:\/\/quartier-eifel.de\/zeitquartiereins\/impressum\/","title":{"rendered":"Impressum"},"content":{"rendered":"\n<style type=\"text\/css\" data-created_by=\"avia_inline_auto\" id=\"style-css-av-19783t-bd3d250cada6f038206146bb444f65f2\">\n.avia-section.av-19783t-bd3d250cada6f038206146bb444f65f2{\nbackground-color:#ffffff;\nbackground-image:unset;\n}\n<\/style>\n<div id='portfolio'  class='avia-section av-19783t-bd3d250cada6f038206146bb444f65f2 main_color avia-section-large avia-no-border-styling  avia-builder-el-0  avia-builder-el-no-sibling  avia-bg-style-scroll container_wrap sidebar_right'  ><div class='container av-section-cont-open' ><main  role=\"main\" itemprop=\"mainContentOfPage\"  class='template-page content  av-content-small alpha units'><div class='post-entry post-entry-type-page post-entry-345'><div class='entry-content-wrapper clearfix'>\n\n<style type=\"text\/css\" data-created_by=\"avia_inline_auto\" id=\"style-css-av-1ookx-5cb2c15b19fc3a4e5ddc68bd35d1c825\">\n.flex_column.av-1ookx-5cb2c15b19fc3a4e5ddc68bd35d1c825{\nborder-radius:0px 0px 0px 0px;\npadding:0px 0px 0px 0px;\n}\n<\/style>\n<div  class='flex_column av-1ookx-5cb2c15b19fc3a4e5ddc68bd35d1c825 av_one_full  avia-builder-el-1  avia-builder-el-no-sibling  first flex_column_div av-zero-column-padding  '     ><p>\n<style type=\"text\/css\" data-created_by=\"avia_inline_auto\" id=\"style-css-av-17cbrt-93bfc8ae5e0131b7605e1ff20d4862c9\">\n#top .av-special-heading.av-17cbrt-93bfc8ae5e0131b7605e1ff20d4862c9{\npadding-bottom:10px;\ncolor:#33968f;\nfont-size:30px;\n}\nbody .av-special-heading.av-17cbrt-93bfc8ae5e0131b7605e1ff20d4862c9 .av-special-heading-tag .heading-char{\nfont-size:25px;\n}\n#top #wrap_all .av-special-heading.av-17cbrt-93bfc8ae5e0131b7605e1ff20d4862c9 .av-special-heading-tag{\nfont-size:30px;\n}\n.av-special-heading.av-17cbrt-93bfc8ae5e0131b7605e1ff20d4862c9 .special-heading-inner-border{\nborder-color:#33968f;\n}\n.av-special-heading.av-17cbrt-93bfc8ae5e0131b7605e1ff20d4862c9 .av-subheading{\nfont-size:15px;\n}\n\n@media only screen and (min-width: 480px) and (max-width: 767px){ \n#top #wrap_all .av-special-heading.av-17cbrt-93bfc8ae5e0131b7605e1ff20d4862c9 .av-special-heading-tag{\nfont-size:0.8em;\n}\n}\n\n@media only screen and (max-width: 479px){ \n#top #wrap_all .av-special-heading.av-17cbrt-93bfc8ae5e0131b7605e1ff20d4862c9 .av-special-heading-tag{\nfont-size:0.8em;\n}\n}\n<\/style>\n<div  class='av-special-heading av-17cbrt-93bfc8ae5e0131b7605e1ff20d4862c9 av-special-heading-h3 custom-color-heading blockquote modern-quote modern-centered  avia-builder-el-2  el_before_av_hr  avia-builder-el-first  av-inherit-size'><h3 class='av-special-heading-tag '  itemprop=\"headline\"  >Impressum<\/h3><div class=\"special-heading-border\"><div class=\"special-heading-inner-border\"><\/div><\/div><\/div><br \/>\n\n<style type=\"text\/css\" data-created_by=\"avia_inline_auto\" id=\"style-css-av-kpe13fb7-8ad4dec658e4d1dfbedb7e1105c0989f\">\n#top .hr.av-kpe13fb7-8ad4dec658e4d1dfbedb7e1105c0989f{\nmargin-top:10px;\nmargin-bottom:60px;\n}\n.hr.av-kpe13fb7-8ad4dec658e4d1dfbedb7e1105c0989f .hr-inner{\nwidth:50px;\nborder-color:#33968f;\nmax-width:45%;\n}\n.hr.av-kpe13fb7-8ad4dec658e4d1dfbedb7e1105c0989f .av-seperator-icon{\ncolor:#33968f;\n}\n.hr.av-kpe13fb7-8ad4dec658e4d1dfbedb7e1105c0989f .av-seperator-icon.avia-svg-icon svg:first-child{\nfill:#33968f;\nstroke:#33968f;\n}\n<\/style>\n<div  class='hr av-kpe13fb7-8ad4dec658e4d1dfbedb7e1105c0989f hr-custom  avia-builder-el-3  el_after_av_heading  el_before_av_textblock  hr-center hr-icon-yes'><span class='hr-inner inner-border-av-border-fat'><span class=\"hr-inner-style\"><\/span><\/span><span class='av-seperator-icon avia-iconfont avia-font-entypo-fontello' data-av_icon='\ue845' data-av_iconfont='entypo-fontello' ><\/span><span class='hr-inner inner-border-av-border-fat'><span class=\"hr-inner-style\"><\/span><\/span><\/div><br \/>\n\n<style type=\"text\/css\" data-created_by=\"avia_inline_auto\" id=\"style-css-av-kpe12e3q-13ac6ab3dba0dba4b645c904a5295fe2\">\n#top .av_textblock_section.av-kpe12e3q-13ac6ab3dba0dba4b645c904a5295fe2 .avia_textblock{\ncolor:#0a0a0a;\n}\n<\/style>\n<section  class='av_textblock_section av-kpe12e3q-13ac6ab3dba0dba4b645c904a5295fe2 '   itemscope=\"itemscope\" itemtype=\"https:\/\/schema.org\/CreativeWork\" ><div class='avia_textblock av_inherit_color'  itemprop=\"text\" ><h3 id=\"impressum\">Angaben gem\u00e4\u00df \u00a7 5 DDG<\/h3>\n<p>QUARTIER<strong>Eifel\u00a0<\/strong><br \/>\nGabriele Reif<br \/>\nFinther Landstra\u00dfe 20b<br \/>\n55124 Mainz<\/p>\n<h3>Adresse Ferienhaus<\/h3>\n<p>ZEITQUARTIER<strong>Eins<\/strong><br \/>\nHauptstra\u00dfe 9<br \/>\n54570 Kirchweiler<\/p>\n<h3>Kontakt<\/h3>\n<p>Telefon: +49 (0)177 5125300<br \/>\nE-Mail: post@quartier-eifel.de<\/p>\n<h3>Redaktionell verantwortlich<\/h3>\n<p>Gabriele Reif<br \/>\nFinther Landstra\u00dfe 20b<br \/>\n55124 Mainz<\/p>\n<h3>Streitschlichtung<\/h3>\n<p>Die Europ\u00e4ische Kommission stellt eine Plattform zur Online-Streitbeilegung (OS) bereit: https:\/\/ec.europa.eu\/consumers\/odr. Unsere E-Mail-Adresse finden Sie oben im Impressum.<\/p>\n<p>Wir sind nicht bereit oder verpflichtet, an Streitbeilegungsverfahren vor einer Verbraucherschlichtungsstelle teilzunehmen.<\/p>\n<h3>Haftung f\u00fcr Inhalte<\/h3>\n<p>Als Diensteanbieter sind wir gem\u00e4\u00df \u00a7 7 Abs.1 TMG f\u00fcr eigene Inhalte auf diesen Seiten nach den allgemeinen Gesetzen verantwortlich. Nach \u00a7\u00a7 8 bis 10 TMG sind wir als Diensteanbieter jedoch nicht verpflichtet, \u00fcbermittelte oder gespeicherte fremde Informationen zu \u00fcberwachen oder nach Umst\u00e4nden zu forschen, die auf eine rechtswidrige T\u00e4tigkeit hinweisen.<\/p>\n<p>Verpflichtungen zur Entfernung oder Sperrung der Nutzung von Informationen nach den allgemeinen Gesetzen bleiben hiervon unber\u00fchrt. Eine diesbez\u00fcgliche Haftung ist jedoch erst ab dem Zeitpunkt der Kenntnis einer konkreten Rechtsverletzung m\u00f6glich. Bei Bekanntwerden von entsprechenden Rechtsverletzungen werden wir diese Inhalte umgehend entfernen.<\/p>\n<h3>Haftung f\u00fcr Links<\/h3>\n<p>Unser Angebot enth\u00e4lt Links zu externen Websites Dritter, auf deren Inhalte wir keinen Einfluss haben. Deshalb k\u00f6nnen wir f\u00fcr diese fremden Inhalte auch keine Gew\u00e4hr \u00fcbernehmen. F\u00fcr die Inhalte der verlinkten Seiten ist stets der jeweilige Anbieter oder Betreiber der Seiten verantwortlich. Die verlinkten Seiten wurden zum Zeitpunkt der Verlinkung auf m\u00f6gliche Rechtsverst\u00f6\u00dfe \u00fcberpr\u00fcft. Rechtswidrige Inhalte waren zum Zeitpunkt der Verlinkung nicht erkennbar.<\/p>\n<p>Eine permanente inhaltliche Kontrolle der verlinkten Seiten ist jedoch ohne konkrete Anhaltspunkte einer Rechtsverletzung nicht zumutbar. Bei Bekanntwerden von Rechtsverletzungen werden wir derartige Links umgehend entfernen.<\/p>\n<h3>Urheberrecht<\/h3>\n<p>Die durch die Seitenbetreiber erstellten Inhalte und Werke auf diesen Seiten unterliegen dem deutschen Urheberrecht. Die Vervielf\u00e4ltigung, Bearbeitung, Verbreitung und jede Art der Verwertung au\u00dferhalb der Grenzen des Urheberrechtes bed\u00fcrfen der schriftlichen Zustimmung des jeweiligen Autors bzw. Erstellers. Downloads und Kopien dieser Seite sind nur f\u00fcr den privaten, nicht kommerziellen Gebrauch gestattet.<\/p>\n<p>Soweit die Inhalte auf dieser Seite nicht vom Betreiber erstellt wurden, werden die Urheberrechte Dritter beachtet. Insbesondere werden Inhalte Dritter als solche gekennzeichnet. Sollten Sie trotzdem auf eine Urheberrechtsverletzung aufmerksam werden, bitten wir um einen entsprechenden Hinweis. Bei Bekanntwerden von Rechtsverletzungen werden wir derartige Inhalte umgehend entfernen.<\/p>\n<h3>Bildnachweise<\/h3>\n<p>Gabriele Reif<\/p>\n<\/div><\/section><\/p><\/div><\/div><\/div><\/main><!-- close content main element --><\/div><\/div><div id='after_section_1'  class='main_color av_default_container_wrap container_wrap sidebar_right'  ><div class='container av-section-cont-open' ><div class='template-page content  av-content-small alpha units'><div class='post-entry post-entry-type-page post-entry-345'><div class='entry-content-wrapper clearfix'>\n","protected":false},"excerpt":{"rendered":"","protected":false},"author":3,"featured_media":0,"parent":0,"menu_order":0,"comment_status":"open","ping_status":"closed","template":"","meta":{"footnotes":""},"class_list":["post-345","page","type-page","status-publish","hentry"],"yoast_head":"<!-- This site is optimized with the Yoast SEO plugin v26.3 - https:\/\/yoast.com\/wordpress\/plugins\/seo\/ -->\n<title>Impressum - ZEITQUARTIEREins<\/title>\n<meta name=\"robots\" content=\"index, follow, max-snippet:-1, max-image-preview:large, max-video-preview:-1\" \/>\n<link rel=\"canonical\" href=\"https:\/\/quartier-eifel.de\/zeitquartiereins\/impressum\/\" \/>\n<meta property=\"og:locale\" content=\"de_DE\" \/>\n<meta property=\"og:type\" content=\"article\" \/>\n<meta property=\"og:title\" content=\"Impressum - ZEITQUARTIEREins\" \/>\n<meta property=\"og:url\" content=\"https:\/\/quartier-eifel.de\/zeitquartiereins\/impressum\/\" \/>\n<meta property=\"og:site_name\" content=\"ZEITQUARTIEREins\" \/>\n<meta property=\"article:modified_time\" content=\"2025-05-05T13:09:00+00:00\" \/>\n<meta name=\"twitter:card\" content=\"summary_large_image\" \/>\n<meta name=\"twitter:label1\" content=\"Gesch\u00e4tzte Lesezeit\" \/>\n\t<meta name=\"twitter:data1\" content=\"1\u00a0Minute\" \/>\n<script type=\"application\/ld+json\" class=\"yoast-schema-graph\">{\"@context\":\"https:\/\/schema.org\",\"@graph\":[{\"@type\":\"WebPage\",\"@id\":\"https:\/\/quartier-eifel.de\/zeitquartiereins\/impressum\/\",\"url\":\"https:\/\/quartier-eifel.de\/zeitquartiereins\/impressum\/\",\"name\":\"Impressum - ZEITQUARTIEREins\",\"isPartOf\":{\"@id\":\"https:\/\/quartier-eifel.de\/zeitquartiereins\/#website\"},\"datePublished\":\"2021-06-17T06:44:32+00:00\",\"dateModified\":\"2025-05-05T13:09:00+00:00\",\"breadcrumb\":{\"@id\":\"https:\/\/quartier-eifel.de\/zeitquartiereins\/impressum\/#breadcrumb\"},\"inLanguage\":\"de\",\"potentialAction\":[{\"@type\":\"ReadAction\",\"target\":[\"https:\/\/quartier-eifel.de\/zeitquartiereins\/impressum\/\"]}]},{\"@type\":\"BreadcrumbList\",\"@id\":\"https:\/\/quartier-eifel.de\/zeitquartiereins\/impressum\/#breadcrumb\",\"itemListElement\":[{\"@type\":\"ListItem\",\"position\":1,\"name\":\"Startseite\",\"item\":\"https:\/\/quartier-eifel.de\/zeitquartiereins\/\"},{\"@type\":\"ListItem\",\"position\":2,\"name\":\"Impressum\"}]},{\"@type\":\"WebSite\",\"@id\":\"https:\/\/quartier-eifel.de\/zeitquartiereins\/#website\",\"url\":\"https:\/\/quartier-eifel.de\/zeitquartiereins\/\",\"name\":\"ZEITQUARTIEREins\",\"description\":\"Ferienhaus in Kirchweiler\",\"potentialAction\":[{\"@type\":\"SearchAction\",\"target\":{\"@type\":\"EntryPoint\",\"urlTemplate\":\"https:\/\/quartier-eifel.de\/zeitquartiereins\/?s={search_term_string}\"},\"query-input\":{\"@type\":\"PropertyValueSpecification\",\"valueRequired\":true,\"valueName\":\"search_term_string\"}}],\"inLanguage\":\"de\"}]}<\/script>\n<!-- \/ Yoast SEO plugin. -->","yoast_head_json":{"title":"Impressum - ZEITQUARTIEREins","robots":{"index":"index","follow":"follow","max-snippet":"max-snippet:-1","max-image-preview":"max-image-preview:large","max-video-preview":"max-video-preview:-1"},"canonical":"https:\/\/quartier-eifel.de\/zeitquartiereins\/impressum\/","og_locale":"de_DE","og_type":"article","og_title":"Impressum - ZEITQUARTIEREins","og_url":"https:\/\/quartier-eifel.de\/zeitquartiereins\/impressum\/","og_site_name":"ZEITQUARTIEREins","article_modified_time":"2025-05-05T13:09:00+00:00","twitter_card":"summary_large_image","twitter_misc":{"Gesch\u00e4tzte Lesezeit":"1\u00a0Minute"},"schema":{"@context":"https:\/\/schema.org","@graph":[{"@type":"WebPage","@id":"https:\/\/quartier-eifel.de\/zeitquartiereins\/impressum\/","url":"https:\/\/quartier-eifel.de\/zeitquartiereins\/impressum\/","name":"Impressum - ZEITQUARTIEREins","isPartOf":{"@id":"https:\/\/quartier-eifel.de\/zeitquartiereins\/#website"},"datePublished":"2021-06-17T06:44:32+00:00","dateModified":"2025-05-05T13:09:00+00:00","breadcrumb":{"@id":"https:\/\/quartier-eifel.de\/zeitquartiereins\/impressum\/#breadcrumb"},"inLanguage":"de","potentialAction":[{"@type":"ReadAction","target":["https:\/\/quartier-eifel.de\/zeitquartiereins\/impressum\/"]}]},{"@type":"BreadcrumbList","@id":"https:\/\/quartier-eifel.de\/zeitquartiereins\/impressum\/#breadcrumb","itemListElement":[{"@type":"ListItem","position":1,"name":"Startseite","item":"https:\/\/quartier-eifel.de\/zeitquartiereins\/"},{"@type":"ListItem","position":2,"name":"Impressum"}]},{"@type":"WebSite","@id":"https:\/\/quartier-eifel.de\/zeitquartiereins\/#website","url":"https:\/\/quartier-eifel.de\/zeitquartiereins\/","name":"ZEITQUARTIEREins","description":"Ferienhaus in Kirchweiler","potentialAction":[{"@type":"SearchAction","target":{"@type":"EntryPoint","urlTemplate":"https:\/\/quartier-eifel.de\/zeitquartiereins\/?s={search_term_string}"},"query-input":{"@type":"PropertyValueSpecification","valueRequired":true,"valueName":"search_term_string"}}],"inLanguage":"de"}]}},"_links":{"self":[{"href":"https:\/\/quartier-eifel.de\/zeitquartiereins\/wp-json\/wp\/v2\/pages\/345","targetHints":{"allow":["GET"]}}],"collection":[{"href":"https:\/\/quartier-eifel.de\/zeitquartiereins\/wp-json\/wp\/v2\/pages"}],"about":[{"href":"https:\/\/quartier-eifel.de\/zeitquartiereins\/wp-json\/wp\/v2\/types\/page"}],"author":[{"embeddable":true,"href":"https:\/\/quartier-eifel.de\/zeitquartiereins\/wp-json\/wp\/v2\/users\/3"}],"replies":[{"embeddable":true,"href":"https:\/\/quartier-eifel.de\/zeitquartiereins\/wp-json\/wp\/v2\/comments?post=345"}],"version-history":[{"count":1,"href":"https:\/\/quartier-eifel.de\/zeitquartiereins\/wp-json\/wp\/v2\/pages\/345\/revisions"}],"predecessor-version":[{"id":661,"href":"https:\/\/quartier-eifel.de\/zeitquartiereins\/wp-json\/wp\/v2\/pages\/345\/revisions\/661"}],"wp:attachment":[{"href":"https:\/\/quartier-eifel.de\/zeitquartiereins\/wp-json\/wp\/v2\/media?parent=345"}],"curies":[{"name":"wp","href":"https:\/\/api.w.org\/{rel}","templated":true}]}}